{"id":3546,"date":"2022-09-11T18:58:33","date_gmt":"2022-09-11T16:58:33","guid":{"rendered":"http:\/\/savcors.de\/?page_id=5"},"modified":"2024-01-20T14:23:30","modified_gmt":"2024-01-20T13:23:30","slug":"about-us","status":"publish","type":"page","link":"https:\/\/savcors.com\/index.php\/about-us\/","title":{"rendered":"\u00dcber uns"},"content":{"rendered":"<p>S.A.V.C.O.R.S. ist ein rein privater Onlineshop. Bitte beachten Sie unsere <a href=\"https:\/\/savcors.com\/index.php\/agb\/\">AGB!<\/a><br \/>\n<br \/><\/br><br \/>\nSo finden Sie uns.<br \/>Bitte beachten Sie, dass Besuche zur Selbstabholung nur nach <b>vorheriger Absprache<\/b> m\u00f6glich sind.<br \/>\n\t\t\t\t\t\t\t<img loading=\"lazy\" decoding=\"async\" width=\"300\" height=\"284\" src=\"https:\/\/savcors.com\/wp-content\/uploads\/2023\/10\/shop-bild-300x284.png\" alt=\"\" \/><br \/>\n\t\t\t\t\t\t\t\t\t\t\t\t\t\tDas Management<br \/>\n\t\t\t\t\t\t\t\t\t\t\t\t\t\t\t\t\t\t\t\t\t\tvon S.A.V.C.O.R.S.<br \/>\n\t\t\t<a href=\"https:\/\/www.goelden.de\/terminkalender\/\" target=\"_blank\" rel=\"noopener\"><br \/>\n\t\t\t\t\t\tZur Terminplanung<br \/>\n\t\t\t\t\t<\/a><br \/>\n\t\t\t<a href=\"https:\/\/api.whatsapp.com\/send?phone=491726808737&#038;text=Hallo%2C%20ich%20habe%20deine%20WhatsApp-Nummer%20von%20deinem%20SAVCORS-Shop.\" target=\"_blank\" rel=\"noopener\"><br \/>\n\t\t\t\t\t\tOder direkt einen WhatsApp Chat starten<br \/>\n\t\t\t\t\t<\/a><br \/>\n\t\t\t<iframe loading=\"lazy\"\n\t\t\t\t\tsrc=\"https:\/\/maps.google.com\/maps?q=Schenkenb%C3%B6hlstra%C3%9Fe%2023%20E%2CBad%20D%C3%BCrkheim%2C%20Deutschland&#038;t=m&#038;z=10&#038;output=embed&#038;iwloc=near\"\n\t\t\t\t\ttitle=\"Schenkenb\u00f6hlstra\u00dfe 23 E,Bad D\u00fcrkheim, Deutschland\"\n\t\t\t\t\taria-label=\"Schenkenb\u00f6hlstra\u00dfe 23 E,Bad D\u00fcrkheim, Deutschland\"\n\t\t\t><\/iframe><\/p>\n<div class=\"shariff\"><ul class=\"shariff-buttons theme-default orientation-horizontal buttonsize-medium\"><li class=\"shariff-button facebook shariff-nocustomcolor\" style=\"background-color:#4273c8\"><a href=\"https:\/\/www.facebook.com\/sharer\/sharer.php?u=https%3A%2F%2Fsavcors.com%2Findex.php%2Fabout-us%2F\" title=\"Bei Facebook teilen\" aria-label=\"Bei Facebook teilen\" role=\"button\" rel=\"nofollow\" class=\"shariff-link\" style=\"; background-color:#3b5998; color:#fff\" target=\"_blank\"><span class=\"shariff-icon\" style=\"\"><svg width=\"32px\" height=\"20px\" xmlns=\"http:\/\/www.w3.org\/2000\/svg\" viewBox=\"0 0 18 32\"><path fill=\"#3b5998\" d=\"M17.1 0.2v4.7h-2.8q-1.5 0-2.1 0.6t-0.5 1.9v3.4h5.2l-0.7 5.3h-4.5v13.6h-5.5v-13.6h-4.5v-5.3h4.5v-3.9q0-3.3 1.9-5.2t5-1.8q2.6 0 4.1 0.2z\"\/><\/svg><\/span><span class=\"shariff-text\">teilen<\/span>&nbsp;<\/a><\/li><li class=\"shariff-button linkedin shariff-nocustomcolor\" style=\"background-color:#1488bf\"><a href=\"https:\/\/www.linkedin.com\/sharing\/share-offsite\/?url=https%3A%2F%2Fsavcors.com%2Findex.php%2Fabout-us%2F\" title=\"Bei LinkedIn teilen\" aria-label=\"Bei LinkedIn teilen\" role=\"button\" rel=\"noopener nofollow\" class=\"shariff-link\" style=\"; background-color:#0077b5; color:#fff\" target=\"_blank\"><span class=\"shariff-icon\" style=\"\"><svg width=\"32px\" height=\"20px\" xmlns=\"http:\/\/www.w3.org\/2000\/svg\" viewBox=\"0 0 27 32\"><path fill=\"#0077b5\" d=\"M6.2 11.2v17.7h-5.9v-17.7h5.9zM6.6 5.7q0 1.3-0.9 2.2t-2.4 0.9h0q-1.5 0-2.4-0.9t-0.9-2.2 0.9-2.2 2.4-0.9 2.4 0.9 0.9 2.2zM27.4 18.7v10.1h-5.9v-9.5q0-1.9-0.7-2.9t-2.3-1.1q-1.1 0-1.9 0.6t-1.2 1.5q-0.2 0.5-0.2 1.4v9.9h-5.9q0-7.1 0-11.6t0-5.3l0-0.9h5.9v2.6h0q0.4-0.6 0.7-1t1-0.9 1.6-0.8 2-0.3q3 0 4.9 2t1.9 6z\"\/><\/svg><\/span><span class=\"shariff-text\">teilen<\/span>&nbsp;<\/a><\/li><li class=\"shariff-button twitter shariff-nocustomcolor\" style=\"background-color:#595959\"><a href=\"https:\/\/twitter.com\/share?url=https%3A%2F%2Fsavcors.com%2Findex.php%2Fabout-us%2F&text=%C3%9Cber%20uns\" title=\"Bei X teilen\" aria-label=\"Bei X teilen\" role=\"button\" rel=\"noopener nofollow\" class=\"shariff-link\" style=\"; background-color:#000; color:#fff\" target=\"_blank\"><span class=\"shariff-icon\" style=\"\"><svg width=\"32px\" height=\"20px\" xmlns=\"http:\/\/www.w3.org\/2000\/svg\" viewBox=\"0 0 24 24\"><path fill=\"#000\" d=\"M14.258 10.152L23.176 0h-2.113l-7.747 8.813L7.133 0H0l9.352 13.328L0 23.973h2.113l8.176-9.309 6.531 9.309h7.133zm-2.895 3.293l-.949-1.328L2.875 1.56h3.246l6.086 8.523.945 1.328 7.91 11.078h-3.246zm0 0\"\/><\/svg><\/span><span class=\"shariff-text\">teilen<\/span>&nbsp;<\/a><\/li><li class=\"shariff-button whatsapp shariff-nocustomcolor\" style=\"background-color:#5cbe4a\"><a href=\"https:\/\/api.whatsapp.com\/send?text=https%3A%2F%2Fsavcors.com%2Findex.php%2Fabout-us%2F%20%C3%9Cber%20uns\" title=\"Bei Whatsapp teilen\" aria-label=\"Bei Whatsapp teilen\" role=\"button\" rel=\"noopener nofollow\" class=\"shariff-link\" style=\"; background-color:#34af23; color:#fff\" target=\"_blank\"><span class=\"shariff-icon\" style=\"\"><svg width=\"32px\" height=\"20px\" xmlns=\"http:\/\/www.w3.org\/2000\/svg\" viewBox=\"0 0 32 32\"><path fill=\"#34af23\" d=\"M17.6 17.4q0.2 0 1.7 0.8t1.6 0.9q0 0.1 0 0.3 0 0.6-0.3 1.4-0.3 0.7-1.3 1.2t-1.8 0.5q-1 0-3.4-1.1-1.7-0.8-3-2.1t-2.6-3.3q-1.3-1.9-1.3-3.5v-0.1q0.1-1.6 1.3-2.8 0.4-0.4 0.9-0.4 0.1 0 0.3 0t0.3 0q0.3 0 0.5 0.1t0.3 0.5q0.1 0.4 0.6 1.6t0.4 1.3q0 0.4-0.6 1t-0.6 0.8q0 0.1 0.1 0.3 0.6 1.3 1.8 2.4 1 0.9 2.7 1.8 0.2 0.1 0.4 0.1 0.3 0 1-0.9t0.9-0.9zM14 26.9q2.3 0 4.3-0.9t3.6-2.4 2.4-3.6 0.9-4.3-0.9-4.3-2.4-3.6-3.6-2.4-4.3-0.9-4.3 0.9-3.6 2.4-2.4 3.6-0.9 4.3q0 3.6 2.1 6.6l-1.4 4.2 4.3-1.4q2.8 1.9 6.2 1.9zM14 2.2q2.7 0 5.2 1.1t4.3 2.9 2.9 4.3 1.1 5.2-1.1 5.2-2.9 4.3-4.3 2.9-5.2 1.1q-3.5 0-6.5-1.7l-7.4 2.4 2.4-7.2q-1.9-3.2-1.9-6.9 0-2.7 1.1-5.2t2.9-4.3 4.3-2.9 5.2-1.1z\"\/><\/svg><\/span><span class=\"shariff-text\">teilen<\/span>&nbsp;<\/a><\/li><li class=\"shariff-button xing shariff-nocustomcolor\" style=\"background-color:#29888a\"><a href=\"https:\/\/www.xing.com\/spi\/shares\/new?url=https%3A%2F%2Fsavcors.com%2Findex.php%2Fabout-us%2F\" title=\"Bei XING teilen\" aria-label=\"Bei XING teilen\" role=\"button\" rel=\"noopener nofollow\" class=\"shariff-link\" style=\"; background-color:#126567; color:#fff\" target=\"_blank\"><span class=\"shariff-icon\" style=\"\"><svg width=\"32px\" height=\"20px\" xmlns=\"http:\/\/www.w3.org\/2000\/svg\" viewBox=\"0 0 25 32\"><path fill=\"#126567\" d=\"M10.7 11.9q-0.2 0.3-4.6 8.2-0.5 0.8-1.2 0.8h-4.3q-0.4 0-0.5-0.3t0-0.6l4.5-8q0 0 0 0l-2.9-5q-0.2-0.4 0-0.7 0.2-0.3 0.5-0.3h4.3q0.7 0 1.2 0.8zM25.1 0.4q0.2 0.3 0 0.7l-9.4 16.7 6 11q0.2 0.4 0 0.6-0.2 0.3-0.6 0.3h-4.3q-0.7 0-1.2-0.8l-6-11.1q0.3-0.6 9.5-16.8 0.4-0.8 1.2-0.8h4.3q0.4 0 0.5 0.3z\"\/><\/svg><\/span><span class=\"shariff-text\">teilen<\/span>&nbsp;<\/a><\/li><li class=\"shariff-button info shariff-nocustomcolor\" style=\"background-color:#eee\"><a href=\"http:\/\/ct.de\/-2467514\" title=\"Weitere Informationen\" aria-label=\"Weitere Informationen\" role=\"button\" rel=\"noopener \" class=\"shariff-link\" style=\"; background-color:#fff; color:#fff\" target=\"_blank\"><span class=\"shariff-icon\" style=\"\"><svg width=\"32px\" height=\"20px\" xmlns=\"http:\/\/www.w3.org\/2000\/svg\" viewBox=\"0 0 11 32\"><path fill=\"#999\" d=\"M11.4 24v2.3q0 0.5-0.3 0.8t-0.8 0.4h-9.1q-0.5 0-0.8-0.4t-0.4-0.8v-2.3q0-0.5 0.4-0.8t0.8-0.4h1.1v-6.8h-1.1q-0.5 0-0.8-0.4t-0.4-0.8v-2.3q0-0.5 0.4-0.8t0.8-0.4h6.8q0.5 0 0.8 0.4t0.4 0.8v10.3h1.1q0.5 0 0.8 0.4t0.3 0.8zM9.2 3.4v3.4q0 0.5-0.4 0.8t-0.8 0.4h-4.6q-0.4 0-0.8-0.4t-0.4-0.8v-3.4q0-0.4 0.4-0.8t0.8-0.4h4.6q0.5 0 0.8 0.4t0.4 0.8z\"\/><\/svg><\/span><\/a><\/li><\/ul><\/div>","protected":false},"excerpt":{"rendered":"<p>S.A.V.C.O.R.S. ist ein rein privater Onlineshop. Bitte beachten Sie unsere AGB! So finden Sie uns.Bitte beachten Sie, dass Besuche zur Selbstabholung nur nach vorheriger Absprache m\u00f6glich sind. Das Management von S.A.V.C.O.R.S. Zur Terminplanung Oder direkt einen WhatsApp Chat starten<\/p>\n","protected":false},"author":2,"featured_media":998,"parent":0,"menu_order":0,"comment_status":"closed","ping_status":"closed","template":"","meta":{"_eb_attr":"","_crdt_document":"","_uag_custom_page_level_css":"","_joinchat":[],"footnotes":""},"class_list":["post-3546","page","type-page","status-publish","has-post-thumbnail","hentry"],"featured_image_src":null,"yoast_head":"<!-- This site is optimized with the Yoast SEO plugin v27.4 - https:\/\/yoast.com\/product\/yoast-seo-wordpress\/ -->\n<title>\u00dcber uns - SAVCORS Onlineshop<\/title>\n<meta name=\"description\" content=\"S.A.V.C.O.R.S. Online-Shop. \u00dcber uns. Wir verkaufen gebrauchte Schallplatten, CDs, Devotionalien aus Funk und Fernsehen.\" \/>\n<meta name=\"robots\" content=\"index, follow, max-snippet:-1, max-image-preview:large, max-video-preview:-1\" \/>\n<link rel=\"canonical\" href=\"https:\/\/savcors.com\/index.php\/about-us\/\" \/>\n<meta property=\"og:locale\" content=\"de_DE\" \/>\n<meta property=\"og:type\" content=\"article\" \/>\n<meta property=\"og:title\" content=\"\u00dcber uns - SAVCORS Onlineshop\" \/>\n<meta property=\"og:description\" content=\"S.A.V.C.O.R.S. Online-Shop. \u00dcber uns. Wir verkaufen gebrauchte Schallplatten, CDs, Devotionalien aus Funk und Fernsehen.\" \/>\n<meta property=\"og:url\" content=\"https:\/\/savcors.com\/index.php\/about-us\/\" \/>\n<meta property=\"og:site_name\" content=\"SAVCORS Onlineshop\" \/>\n<meta property=\"article:modified_time\" content=\"2024-01-20T13:23:30+00:00\" \/>\n<meta name=\"twitter:card\" content=\"summary_large_image\" \/>\n<meta name=\"twitter:label1\" content=\"Gesch\u00e4tzte Lesezeit\" \/>\n\t<meta name=\"twitter:data1\" content=\"1\u00a0Minute\" \/>\n<script type=\"application\/ld+json\" class=\"yoast-schema-graph\">{\"@context\":\"https:\\\/\\\/schema.org\",\"@graph\":[{\"@type\":\"WebPage\",\"@id\":\"https:\\\/\\\/savcors.com\\\/index.php\\\/about-us\\\/\",\"url\":\"https:\\\/\\\/savcors.com\\\/index.php\\\/about-us\\\/\",\"name\":\"\u00dcber uns - SAVCORS Onlineshop\",\"isPartOf\":{\"@id\":\"https:\\\/\\\/savcors.com\\\/#website\"},\"primaryImageOfPage\":{\"@id\":\"https:\\\/\\\/savcors.com\\\/index.php\\\/about-us\\\/#primaryimage\"},\"image\":{\"@id\":\"https:\\\/\\\/savcors.com\\\/index.php\\\/about-us\\\/#primaryimage\"},\"thumbnailUrl\":\"\",\"datePublished\":\"2022-09-11T16:58:33+00:00\",\"dateModified\":\"2024-01-20T13:23:30+00:00\",\"description\":\"S.A.V.C.O.R.S. Online-Shop. \u00dcber uns. Wir verkaufen gebrauchte Schallplatten, CDs, Devotionalien aus Funk und Fernsehen.\",\"breadcrumb\":{\"@id\":\"https:\\\/\\\/savcors.com\\\/index.php\\\/about-us\\\/#breadcrumb\"},\"inLanguage\":\"de\",\"potentialAction\":[{\"@type\":\"ReadAction\",\"target\":[\"https:\\\/\\\/savcors.com\\\/index.php\\\/about-us\\\/\"]}]},{\"@type\":\"ImageObject\",\"inLanguage\":\"de\",\"@id\":\"https:\\\/\\\/savcors.com\\\/index.php\\\/about-us\\\/#primaryimage\",\"url\":\"\",\"contentUrl\":\"\"},{\"@type\":\"BreadcrumbList\",\"@id\":\"https:\\\/\\\/savcors.com\\\/index.php\\\/about-us\\\/#breadcrumb\",\"itemListElement\":[{\"@type\":\"ListItem\",\"position\":1,\"name\":\"Startseite\",\"item\":\"https:\\\/\\\/savcors.com\\\/\"},{\"@type\":\"ListItem\",\"position\":2,\"name\":\"\u00dcber uns\"}]},{\"@type\":\"WebSite\",\"@id\":\"https:\\\/\\\/savcors.com\\\/#website\",\"url\":\"https:\\\/\\\/savcors.com\\\/\",\"name\":\"SAVCORS Onlineshop\",\"description\":\"\",\"publisher\":{\"@id\":\"https:\\\/\\\/savcors.com\\\/#organization\"},\"potentialAction\":[{\"@type\":\"SearchAction\",\"target\":{\"@type\":\"EntryPoint\",\"urlTemplate\":\"https:\\\/\\\/savcors.com\\\/?s={search_term_string}\"},\"query-input\":{\"@type\":\"PropertyValueSpecification\",\"valueRequired\":true,\"valueName\":\"search_term_string\"}}],\"inLanguage\":\"de\"},{\"@type\":\"Organization\",\"@id\":\"https:\\\/\\\/savcors.com\\\/#organization\",\"name\":\"S.A.V.C.O.R.S. Onlineshop\",\"url\":\"https:\\\/\\\/savcors.com\\\/\",\"logo\":{\"@type\":\"ImageObject\",\"inLanguage\":\"de\",\"@id\":\"https:\\\/\\\/savcors.com\\\/#\\\/schema\\\/logo\\\/image\\\/\",\"url\":\"https:\\\/\\\/savcors.com\\\/wp-content\\\/uploads\\\/2024\\\/10\\\/cropped-savcors-logo-1-rund.png.webp\",\"contentUrl\":\"https:\\\/\\\/savcors.com\\\/wp-content\\\/uploads\\\/2024\\\/10\\\/cropped-savcors-logo-1-rund.png.webp\",\"width\":240,\"height\":170,\"caption\":\"S.A.V.C.O.R.S. Onlineshop\"},\"image\":{\"@id\":\"https:\\\/\\\/savcors.com\\\/#\\\/schema\\\/logo\\\/image\\\/\"}}]}<\/script>\n<!-- \/ Yoast SEO plugin. -->","yoast_head_json":{"title":"\u00dcber uns - SAVCORS Onlineshop","description":"S.A.V.C.O.R.S. Online-Shop. \u00dcber uns. Wir verkaufen gebrauchte Schallplatten, CDs, Devotionalien aus Funk und Fernsehen.","robots":{"index":"index","follow":"follow","max-snippet":"max-snippet:-1","max-image-preview":"max-image-preview:large","max-video-preview":"max-video-preview:-1"},"canonical":"https:\/\/savcors.com\/index.php\/about-us\/","og_locale":"de_DE","og_type":"article","og_title":"\u00dcber uns - SAVCORS Onlineshop","og_description":"S.A.V.C.O.R.S. Online-Shop. \u00dcber uns. Wir verkaufen gebrauchte Schallplatten, CDs, Devotionalien aus Funk und Fernsehen.","og_url":"https:\/\/savcors.com\/index.php\/about-us\/","og_site_name":"SAVCORS Onlineshop","article_modified_time":"2024-01-20T13:23:30+00:00","twitter_card":"summary_large_image","twitter_misc":{"Gesch\u00e4tzte Lesezeit":"1\u00a0Minute"},"schema":{"@context":"https:\/\/schema.org","@graph":[{"@type":"WebPage","@id":"https:\/\/savcors.com\/index.php\/about-us\/","url":"https:\/\/savcors.com\/index.php\/about-us\/","name":"\u00dcber uns - SAVCORS Onlineshop","isPartOf":{"@id":"https:\/\/savcors.com\/#website"},"primaryImageOfPage":{"@id":"https:\/\/savcors.com\/index.php\/about-us\/#primaryimage"},"image":{"@id":"https:\/\/savcors.com\/index.php\/about-us\/#primaryimage"},"thumbnailUrl":"","datePublished":"2022-09-11T16:58:33+00:00","dateModified":"2024-01-20T13:23:30+00:00","description":"S.A.V.C.O.R.S. Online-Shop. \u00dcber uns. Wir verkaufen gebrauchte Schallplatten, CDs, Devotionalien aus Funk und Fernsehen.","breadcrumb":{"@id":"https:\/\/savcors.com\/index.php\/about-us\/#breadcrumb"},"inLanguage":"de","potentialAction":[{"@type":"ReadAction","target":["https:\/\/savcors.com\/index.php\/about-us\/"]}]},{"@type":"ImageObject","inLanguage":"de","@id":"https:\/\/savcors.com\/index.php\/about-us\/#primaryimage","url":"","contentUrl":""},{"@type":"BreadcrumbList","@id":"https:\/\/savcors.com\/index.php\/about-us\/#breadcrumb","itemListElement":[{"@type":"ListItem","position":1,"name":"Startseite","item":"https:\/\/savcors.com\/"},{"@type":"ListItem","position":2,"name":"\u00dcber uns"}]},{"@type":"WebSite","@id":"https:\/\/savcors.com\/#website","url":"https:\/\/savcors.com\/","name":"SAVCORS Onlineshop","description":"","publisher":{"@id":"https:\/\/savcors.com\/#organization"},"potentialAction":[{"@type":"SearchAction","target":{"@type":"EntryPoint","urlTemplate":"https:\/\/savcors.com\/?s={search_term_string}"},"query-input":{"@type":"PropertyValueSpecification","valueRequired":true,"valueName":"search_term_string"}}],"inLanguage":"de"},{"@type":"Organization","@id":"https:\/\/savcors.com\/#organization","name":"S.A.V.C.O.R.S. Onlineshop","url":"https:\/\/savcors.com\/","logo":{"@type":"ImageObject","inLanguage":"de","@id":"https:\/\/savcors.com\/#\/schema\/logo\/image\/","url":"https:\/\/savcors.com\/wp-content\/uploads\/2024\/10\/cropped-savcors-logo-1-rund.png.webp","contentUrl":"https:\/\/savcors.com\/wp-content\/uploads\/2024\/10\/cropped-savcors-logo-1-rund.png.webp","width":240,"height":170,"caption":"S.A.V.C.O.R.S. Onlineshop"},"image":{"@id":"https:\/\/savcors.com\/#\/schema\/logo\/image\/"}}]}},"uagb_featured_image_src":{"full":false,"thumbnail":false,"medium":false,"medium_large":false,"large":false,"1536x1536":false,"2048x2048":false,"woocommerce_thumbnail":false,"woocommerce_single":false,"woocommerce_gallery_thumbnail":false,"quick_view_image_size":false},"uagb_author_info":{"display_name":"SAVCORS Shop","author_link":"https:\/\/savcors.com\/index.php\/author\/shop\/"},"uagb_comment_info":0,"uagb_excerpt":"S.A.V.C.O.R.S. ist ein rein privater Onlineshop. Bitte beachten Sie unsere AGB! So finden Sie uns.Bitte beachten Sie, dass Besuche zur Selbstabholung nur nach vorheriger Absprache m\u00f6glich sind. Das Management von S.A.V.C.O.R.S. Zur Terminplanung Oder direkt einen WhatsApp Chat starten","_links":{"self":[{"href":"https:\/\/savcors.com\/index.php\/wp-json\/wp\/v2\/pages\/3546","targetHints":{"allow":["GET"]}}],"collection":[{"href":"https:\/\/savcors.com\/index.php\/wp-json\/wp\/v2\/pages"}],"about":[{"href":"https:\/\/savcors.com\/index.php\/wp-json\/wp\/v2\/types\/page"}],"author":[{"embeddable":true,"href":"https:\/\/savcors.com\/index.php\/wp-json\/wp\/v2\/users\/2"}],"replies":[{"embeddable":true,"href":"https:\/\/savcors.com\/index.php\/wp-json\/wp\/v2\/comments?post=3546"}],"version-history":[{"count":0,"href":"https:\/\/savcors.com\/index.php\/wp-json\/wp\/v2\/pages\/3546\/revisions"}],"wp:featuredmedia":[{"embeddable":true,"href":"https:\/\/savcors.com\/index.php\/wp-json\/"}],"wp:attachment":[{"href":"https:\/\/savcors.com\/index.php\/wp-json\/wp\/v2\/media?parent=3546"}],"curies":[{"name":"wp","href":"https:\/\/api.w.org\/{rel}","templated":true}]}}