{"id":6117,"date":"2024-08-31T13:01:30","date_gmt":"2024-08-31T11:01:30","guid":{"rendered":"https:\/\/savcors.com\/?post_type=product&#038;p=6117"},"modified":"2026-04-14T11:42:43","modified_gmt":"2026-04-14T09:42:43","slug":"katzenspielzeug-rascheltuete","status":"publish","type":"product","link":"https:\/\/savcors.com\/index.php\/product\/katzenspielzeug-rascheltuete\/","title":{"rendered":"AniOne Actionball mit Raschelt\u00fcte f\u00fcr Katzen"},"content":{"rendered":"<div data-v-5155b24a=\"\" data-v-660981aa=\"\">Neuwertig. Kaum gebraucht.<\/div>\n<div class=\"paragraph\" data-v-5155b24a=\"\" data-v-660981aa=\"\">Der Raschel T\u00fcte von AniOne muss jede Katze nachjagen!<\/div>\n<div class=\"paragraph\" data-v-5155b24a=\"\" data-v-660981aa=\"\">\n<p>AniOne sorgt f\u00fcr Freude und Abwechslung im Alltag deines Stubentigers. Der Actionball bewegt sich in der Rascheltu\u0308te, die bei der Bewegung \u00a0spannende Ger\u00e4usche macht. Der Motor im Inneren l\u00e4sst die h\u00fcbsche Tu\u0308te willk\u00fcrlich rotieren.<\/p>\n<div class=\"paragraph\" data-v-5155b24a=\"\" data-v-660981aa=\"\">\n<p>Hinweis: Sie ben\u00f6tigen f\u00fcr den Motor eine 1 AA-Anodenbatterie. Die Batterie ist nicht im Lieferumfang enthalten.<\/p>\n<p>Bedienungsanleitung:<br \/>\n1. Dr\u00fcck die Pfeilmarkierung, um den Batteriefachdeckel zu \u00f6ffnen.<br \/>\n2. Lege eine 1 AA-Batterie (nicht im Lieferumfang enthalten) in das Batteriefach ein und schlie\u00dfe das Fach.<br \/>\n3. Dr\u00fcck die On\/Off -Taste, um den Ball zu bedienen.<br \/>\n4. Steck den Ball in den Beutel und schlie\u00df den Klettverschluss.<\/p>\n<p>Funktionen:<br \/>\n1. Der Ball rollt im Beutel hin und her und macht ein Ger\u00e4usch, das die Aufmerksamkeit der Katze auf sich zieht.<br \/>\n2. Der Ball rollt im Beutel hin und her, als ob eine Maus darin w\u00e4re, was die Neugierde der Katze weckt.<\/p>\n<\/div>\n<div class=\"paragraph\" data-v-5155b24a=\"\" data-v-660981aa=\"\">\n<div data-v-5155b24a=\"\" data-v-660981aa=\"\">\n<p><strong>Wichtiger Hinweis:<\/strong><br \/>\nSpielzeug f\u00fcr Tiere!<br \/>\nBitte beaufsichtige dein Tier w\u00e4hrend der Anwendung.<br \/>\nTrotz h\u00f6chster Qualit\u00e4t &#8211; kein Artikel ist unzerst\u00f6rbar.<br \/>\nZu kleine Spielzeuge k\u00f6nnen leicht verschluckt werden.<br \/>\nBitte w\u00e4hle den Artikel entsprechend der Gr\u00f6\u00dfe des Tiermauls aus.<\/p>\n<\/div>\n<\/div>\n<\/div>\n<div class=\"shariff\"><ul class=\"shariff-buttons theme-default orientation-horizontal buttonsize-medium\"><li class=\"shariff-button facebook shariff-nocustomcolor\" style=\"background-color:#4273c8\"><a href=\"https:\/\/www.facebook.com\/sharer\/sharer.php?u=https%3A%2F%2Fsavcors.com%2Findex.php%2Fproduct%2Fkatzenspielzeug-rascheltuete%2F\" title=\"Bei Facebook teilen\" aria-label=\"Bei Facebook teilen\" role=\"button\" rel=\"nofollow\" class=\"shariff-link\" style=\"; background-color:#3b5998; color:#fff\" target=\"_blank\"><span class=\"shariff-icon\" style=\"\"><svg width=\"32px\" height=\"20px\" xmlns=\"http:\/\/www.w3.org\/2000\/svg\" viewBox=\"0 0 18 32\"><path fill=\"#3b5998\" d=\"M17.1 0.2v4.7h-2.8q-1.5 0-2.1 0.6t-0.5 1.9v3.4h5.2l-0.7 5.3h-4.5v13.6h-5.5v-13.6h-4.5v-5.3h4.5v-3.9q0-3.3 1.9-5.2t5-1.8q2.6 0 4.1 0.2z\"\/><\/svg><\/span><span class=\"shariff-text\">teilen<\/span>&nbsp;<\/a><\/li><li class=\"shariff-button linkedin shariff-nocustomcolor\" style=\"background-color:#1488bf\"><a href=\"https:\/\/www.linkedin.com\/sharing\/share-offsite\/?url=https%3A%2F%2Fsavcors.com%2Findex.php%2Fproduct%2Fkatzenspielzeug-rascheltuete%2F\" title=\"Bei LinkedIn teilen\" aria-label=\"Bei LinkedIn teilen\" role=\"button\" rel=\"noopener nofollow\" class=\"shariff-link\" style=\"; background-color:#0077b5; color:#fff\" target=\"_blank\"><span class=\"shariff-icon\" style=\"\"><svg width=\"32px\" height=\"20px\" xmlns=\"http:\/\/www.w3.org\/2000\/svg\" viewBox=\"0 0 27 32\"><path fill=\"#0077b5\" d=\"M6.2 11.2v17.7h-5.9v-17.7h5.9zM6.6 5.7q0 1.3-0.9 2.2t-2.4 0.9h0q-1.5 0-2.4-0.9t-0.9-2.2 0.9-2.2 2.4-0.9 2.4 0.9 0.9 2.2zM27.4 18.7v10.1h-5.9v-9.5q0-1.9-0.7-2.9t-2.3-1.1q-1.1 0-1.9 0.6t-1.2 1.5q-0.2 0.5-0.2 1.4v9.9h-5.9q0-7.1 0-11.6t0-5.3l0-0.9h5.9v2.6h0q0.4-0.6 0.7-1t1-0.9 1.6-0.8 2-0.3q3 0 4.9 2t1.9 6z\"\/><\/svg><\/span><span class=\"shariff-text\">teilen<\/span>&nbsp;<\/a><\/li><li class=\"shariff-button twitter shariff-nocustomcolor\" style=\"background-color:#595959\"><a href=\"https:\/\/twitter.com\/share?url=https%3A%2F%2Fsavcors.com%2Findex.php%2Fproduct%2Fkatzenspielzeug-rascheltuete%2F&text=AniOne%20Actionball%20mit%20Raschelt%C3%BCte%20f%C3%BCr%20Katzen\" title=\"Bei X teilen\" aria-label=\"Bei X teilen\" role=\"button\" rel=\"noopener nofollow\" class=\"shariff-link\" style=\"; background-color:#000; color:#fff\" target=\"_blank\"><span class=\"shariff-icon\" style=\"\"><svg width=\"32px\" height=\"20px\" xmlns=\"http:\/\/www.w3.org\/2000\/svg\" viewBox=\"0 0 24 24\"><path fill=\"#000\" d=\"M14.258 10.152L23.176 0h-2.113l-7.747 8.813L7.133 0H0l9.352 13.328L0 23.973h2.113l8.176-9.309 6.531 9.309h7.133zm-2.895 3.293l-.949-1.328L2.875 1.56h3.246l6.086 8.523.945 1.328 7.91 11.078h-3.246zm0 0\"\/><\/svg><\/span><span class=\"shariff-text\">teilen<\/span>&nbsp;<\/a><\/li><li class=\"shariff-button whatsapp shariff-nocustomcolor\" style=\"background-color:#5cbe4a\"><a href=\"https:\/\/api.whatsapp.com\/send?text=https%3A%2F%2Fsavcors.com%2Findex.php%2Fproduct%2Fkatzenspielzeug-rascheltuete%2F%20AniOne%20Actionball%20mit%20Raschelt%C3%BCte%20f%C3%BCr%20Katzen\" title=\"Bei Whatsapp teilen\" aria-label=\"Bei Whatsapp teilen\" role=\"button\" rel=\"noopener nofollow\" class=\"shariff-link\" style=\"; background-color:#34af23; color:#fff\" target=\"_blank\"><span class=\"shariff-icon\" style=\"\"><svg width=\"32px\" height=\"20px\" xmlns=\"http:\/\/www.w3.org\/2000\/svg\" viewBox=\"0 0 32 32\"><path fill=\"#34af23\" d=\"M17.6 17.4q0.2 0 1.7 0.8t1.6 0.9q0 0.1 0 0.3 0 0.6-0.3 1.4-0.3 0.7-1.3 1.2t-1.8 0.5q-1 0-3.4-1.1-1.7-0.8-3-2.1t-2.6-3.3q-1.3-1.9-1.3-3.5v-0.1q0.1-1.6 1.3-2.8 0.4-0.4 0.9-0.4 0.1 0 0.3 0t0.3 0q0.3 0 0.5 0.1t0.3 0.5q0.1 0.4 0.6 1.6t0.4 1.3q0 0.4-0.6 1t-0.6 0.8q0 0.1 0.1 0.3 0.6 1.3 1.8 2.4 1 0.9 2.7 1.8 0.2 0.1 0.4 0.1 0.3 0 1-0.9t0.9-0.9zM14 26.9q2.3 0 4.3-0.9t3.6-2.4 2.4-3.6 0.9-4.3-0.9-4.3-2.4-3.6-3.6-2.4-4.3-0.9-4.3 0.9-3.6 2.4-2.4 3.6-0.9 4.3q0 3.6 2.1 6.6l-1.4 4.2 4.3-1.4q2.8 1.9 6.2 1.9zM14 2.2q2.7 0 5.2 1.1t4.3 2.9 2.9 4.3 1.1 5.2-1.1 5.2-2.9 4.3-4.3 2.9-5.2 1.1q-3.5 0-6.5-1.7l-7.4 2.4 2.4-7.2q-1.9-3.2-1.9-6.9 0-2.7 1.1-5.2t2.9-4.3 4.3-2.9 5.2-1.1z\"\/><\/svg><\/span><span class=\"shariff-text\">teilen<\/span>&nbsp;<\/a><\/li><li class=\"shariff-button xing shariff-nocustomcolor\" style=\"background-color:#29888a\"><a href=\"https:\/\/www.xing.com\/spi\/shares\/new?url=https%3A%2F%2Fsavcors.com%2Findex.php%2Fproduct%2Fkatzenspielzeug-rascheltuete%2F\" title=\"Bei XING teilen\" aria-label=\"Bei XING teilen\" role=\"button\" rel=\"noopener nofollow\" class=\"shariff-link\" style=\"; background-color:#126567; color:#fff\" target=\"_blank\"><span class=\"shariff-icon\" style=\"\"><svg width=\"32px\" height=\"20px\" xmlns=\"http:\/\/www.w3.org\/2000\/svg\" viewBox=\"0 0 25 32\"><path fill=\"#126567\" d=\"M10.7 11.9q-0.2 0.3-4.6 8.2-0.5 0.8-1.2 0.8h-4.3q-0.4 0-0.5-0.3t0-0.6l4.5-8q0 0 0 0l-2.9-5q-0.2-0.4 0-0.7 0.2-0.3 0.5-0.3h4.3q0.7 0 1.2 0.8zM25.1 0.4q0.2 0.3 0 0.7l-9.4 16.7 6 11q0.2 0.4 0 0.6-0.2 0.3-0.6 0.3h-4.3q-0.7 0-1.2-0.8l-6-11.1q0.3-0.6 9.5-16.8 0.4-0.8 1.2-0.8h4.3q0.4 0 0.5 0.3z\"\/><\/svg><\/span><span class=\"shariff-text\">teilen<\/span>&nbsp;<\/a><\/li><li class=\"shariff-button info shariff-nocustomcolor\" style=\"background-color:#eee\"><a href=\"http:\/\/ct.de\/-2467514\" title=\"Weitere Informationen\" aria-label=\"Weitere Informationen\" role=\"button\" rel=\"noopener \" class=\"shariff-link\" style=\"; background-color:#fff; color:#fff\" target=\"_blank\"><span class=\"shariff-icon\" style=\"\"><svg width=\"32px\" height=\"20px\" xmlns=\"http:\/\/www.w3.org\/2000\/svg\" viewBox=\"0 0 11 32\"><path fill=\"#999\" d=\"M11.4 24v2.3q0 0.5-0.3 0.8t-0.8 0.4h-9.1q-0.5 0-0.8-0.4t-0.4-0.8v-2.3q0-0.5 0.4-0.8t0.8-0.4h1.1v-6.8h-1.1q-0.5 0-0.8-0.4t-0.4-0.8v-2.3q0-0.5 0.4-0.8t0.8-0.4h6.8q0.5 0 0.8 0.4t0.4 0.8v10.3h1.1q0.5 0 0.8 0.4t0.3 0.8zM9.2 3.4v3.4q0 0.5-0.4 0.8t-0.8 0.4h-4.6q-0.4 0-0.8-0.4t-0.4-0.8v-3.4q0-0.4 0.4-0.8t0.8-0.4h4.6q0.5 0 0.8 0.4t0.4 0.8z\"\/><\/svg><\/span><\/a><\/li><\/ul><\/div>","protected":false},"excerpt":{"rendered":"<div class=\"paragraph\" data-v-5155b24a=\"\" data-v-660981aa=\"\">Der Raschel T\u00fcte von AniOne muss jede Katze nachjagen!<\/div>\n<div class=\"paragraph\" data-v-5155b24a=\"\" data-v-660981aa=\"\">\n<p>AniOne sorgt f\u00fcr Freude und Abwechslung im Alltag deines Stubentigers. Der Actionball bewegt sich in der Raschel T\u00fcte, die bei der Bewegung spannende Ger\u00e4usche macht. Der Motor im Inneren l\u00e4sst die h\u00fcbsche Tu\u0308te willk\u00fcrlich rotieren.<\/p>\n<\/div>\n","protected":false},"featured_media":6118,"comment_status":"open","ping_status":"closed","template":"","meta":{"_eb_attr":"","_crdt_document":"","_uag_custom_page_level_css":"","_joinchat":[]},"product_brand":[],"product_cat":[15],"product_tag":[309,308,310],"class_list":{"0":"post-6117","1":"product","2":"type-product","3":"status-publish","4":"has-post-thumbnail","6":"product_cat-allgemeines","7":"product_tag-anione","8":"product_tag-katzenspielzeug","9":"product_tag-rascheltuete","10":"product_shipping_class-dhl","12":"first","13":"instock","14":"sale","15":"sold-individually","16":"shipping-taxable","17":"purchasable","18":"product-type-simple"},"yoast_head":"<!-- This site is optimized with the Yoast SEO plugin v27.5 - https:\/\/yoast.com\/product\/yoast-seo-wordpress\/ -->\n<title>AniOne Actionball mit Raschelt\u00fcte f\u00fcr Katzen - SAVCORS Onlineshop<\/title>\n<meta name=\"description\" content=\"Der Raschel T\u00fcte von AniOne muss jede Katze nachjagen! AniOne sorgt f\u00fcr Freude und Abwechslung im Alltag deines Stubentigers. Katzenspielzeug f\u00fcr \u20ac 10,99\" \/>\n<meta name=\"robots\" content=\"index, follow, max-snippet:-1, max-image-preview:large, max-video-preview:-1\" \/>\n<link rel=\"canonical\" href=\"https:\/\/savcors.com\/index.php\/product\/katzenspielzeug-rascheltuete\/\" \/>\n<meta property=\"og:locale\" content=\"de_DE\" \/>\n<meta property=\"og:type\" content=\"article\" \/>\n<meta property=\"og:title\" content=\"AniOne Actionball mit Raschelt\u00fcte f\u00fcr Katzen - SAVCORS Onlineshop\" \/>\n<meta property=\"og:description\" content=\"Der Raschel T\u00fcte von AniOne muss jede Katze nachjagen! AniOne sorgt f\u00fcr Freude und Abwechslung im Alltag deines Stubentigers. Katzenspielzeug f\u00fcr \u20ac 10,99\" \/>\n<meta property=\"og:url\" content=\"https:\/\/savcors.com\/index.php\/product\/katzenspielzeug-rascheltuete\/\" \/>\n<meta property=\"og:site_name\" content=\"SAVCORS Onlineshop\" \/>\n<meta property=\"article:modified_time\" content=\"2026-04-14T09:42:43+00:00\" \/>\n<meta property=\"og:image\" content=\"https:\/\/savcors.com\/wp-content\/uploads\/2024\/08\/katzenspielzeug.webp\" \/>\n\t<meta property=\"og:image:width\" content=\"800\" \/>\n\t<meta property=\"og:image:height\" content=\"800\" \/>\n\t<meta property=\"og:image:type\" content=\"image\/webp\" \/>\n<meta name=\"twitter:card\" content=\"summary_large_image\" \/>\n<meta name=\"twitter:label1\" content=\"Gesch\u00e4tzte Lesezeit\" \/>\n\t<meta name=\"twitter:data1\" content=\"2\u00a0Minuten\" \/>\n<script type=\"application\/ld+json\" class=\"yoast-schema-graph\">{\"@context\":\"https:\\\/\\\/schema.org\",\"@graph\":[{\"@type\":\"WebPage\",\"@id\":\"https:\\\/\\\/savcors.com\\\/index.php\\\/product\\\/katzenspielzeug-rascheltuete\\\/\",\"url\":\"https:\\\/\\\/savcors.com\\\/index.php\\\/product\\\/katzenspielzeug-rascheltuete\\\/\",\"name\":\"AniOne Actionball mit Raschelt\u00fcte f\u00fcr Katzen - SAVCORS Onlineshop\",\"isPartOf\":{\"@id\":\"https:\\\/\\\/savcors.com\\\/#website\"},\"primaryImageOfPage\":{\"@id\":\"https:\\\/\\\/savcors.com\\\/index.php\\\/product\\\/katzenspielzeug-rascheltuete\\\/#primaryimage\"},\"image\":{\"@id\":\"https:\\\/\\\/savcors.com\\\/index.php\\\/product\\\/katzenspielzeug-rascheltuete\\\/#primaryimage\"},\"thumbnailUrl\":\"https:\\\/\\\/savcors.com\\\/wp-content\\\/uploads\\\/2024\\\/08\\\/katzenspielzeug.webp\",\"datePublished\":\"2024-08-31T11:01:30+00:00\",\"dateModified\":\"2026-04-14T09:42:43+00:00\",\"description\":\"Der Raschel T\u00fcte von AniOne muss jede Katze nachjagen! AniOne sorgt f\u00fcr Freude und Abwechslung im Alltag deines Stubentigers. Katzenspielzeug f\u00fcr \u20ac 10,99\",\"breadcrumb\":{\"@id\":\"https:\\\/\\\/savcors.com\\\/index.php\\\/product\\\/katzenspielzeug-rascheltuete\\\/#breadcrumb\"},\"inLanguage\":\"de\",\"potentialAction\":[{\"@type\":\"ReadAction\",\"target\":[\"https:\\\/\\\/savcors.com\\\/index.php\\\/product\\\/katzenspielzeug-rascheltuete\\\/\"]}]},{\"@type\":\"ImageObject\",\"inLanguage\":\"de\",\"@id\":\"https:\\\/\\\/savcors.com\\\/index.php\\\/product\\\/katzenspielzeug-rascheltuete\\\/#primaryimage\",\"url\":\"https:\\\/\\\/savcors.com\\\/wp-content\\\/uploads\\\/2024\\\/08\\\/katzenspielzeug.webp\",\"contentUrl\":\"https:\\\/\\\/savcors.com\\\/wp-content\\\/uploads\\\/2024\\\/08\\\/katzenspielzeug.webp\",\"width\":800,\"height\":800},{\"@type\":\"BreadcrumbList\",\"@id\":\"https:\\\/\\\/savcors.com\\\/index.php\\\/product\\\/katzenspielzeug-rascheltuete\\\/#breadcrumb\",\"itemListElement\":[{\"@type\":\"ListItem\",\"position\":1,\"name\":\"Startseite\",\"item\":\"https:\\\/\\\/savcors.com\\\/\"},{\"@type\":\"ListItem\",\"position\":2,\"name\":\"Shop\",\"item\":\"https:\\\/\\\/savcors.com\\\/index.php\\\/shop-3\\\/\"},{\"@type\":\"ListItem\",\"position\":3,\"name\":\"AniOne Actionball mit Raschelt\u00fcte f\u00fcr Katzen\"}]},{\"@type\":\"WebSite\",\"@id\":\"https:\\\/\\\/savcors.com\\\/#website\",\"url\":\"https:\\\/\\\/savcors.com\\\/\",\"name\":\"SAVCORS Onlineshop\",\"description\":\"\",\"publisher\":{\"@id\":\"https:\\\/\\\/savcors.com\\\/#organization\"},\"potentialAction\":[{\"@type\":\"SearchAction\",\"target\":{\"@type\":\"EntryPoint\",\"urlTemplate\":\"https:\\\/\\\/savcors.com\\\/?s={search_term_string}\"},\"query-input\":{\"@type\":\"PropertyValueSpecification\",\"valueRequired\":true,\"valueName\":\"search_term_string\"}}],\"inLanguage\":\"de\"},{\"@type\":\"Organization\",\"@id\":\"https:\\\/\\\/savcors.com\\\/#organization\",\"name\":\"S.A.V.C.O.R.S. Onlineshop\",\"url\":\"https:\\\/\\\/savcors.com\\\/\",\"logo\":{\"@type\":\"ImageObject\",\"inLanguage\":\"de\",\"@id\":\"https:\\\/\\\/savcors.com\\\/#\\\/schema\\\/logo\\\/image\\\/\",\"url\":\"https:\\\/\\\/savcors.com\\\/wp-content\\\/uploads\\\/2024\\\/10\\\/cropped-savcors-logo-1-rund.png.webp\",\"contentUrl\":\"https:\\\/\\\/savcors.com\\\/wp-content\\\/uploads\\\/2024\\\/10\\\/cropped-savcors-logo-1-rund.png.webp\",\"width\":240,\"height\":170,\"caption\":\"S.A.V.C.O.R.S. Onlineshop\"},\"image\":{\"@id\":\"https:\\\/\\\/savcors.com\\\/#\\\/schema\\\/logo\\\/image\\\/\"}}]}<\/script>\n<!-- \/ Yoast SEO plugin. -->","yoast_head_json":{"title":"AniOne Actionball mit Raschelt\u00fcte f\u00fcr Katzen - SAVCORS Onlineshop","description":"Der Raschel T\u00fcte von AniOne muss jede Katze nachjagen! AniOne sorgt f\u00fcr Freude und Abwechslung im Alltag deines Stubentigers. Katzenspielzeug f\u00fcr \u20ac 10,99","robots":{"index":"index","follow":"follow","max-snippet":"max-snippet:-1","max-image-preview":"max-image-preview:large","max-video-preview":"max-video-preview:-1"},"canonical":"https:\/\/savcors.com\/index.php\/product\/katzenspielzeug-rascheltuete\/","og_locale":"de_DE","og_type":"article","og_title":"AniOne Actionball mit Raschelt\u00fcte f\u00fcr Katzen - SAVCORS Onlineshop","og_description":"Der Raschel T\u00fcte von AniOne muss jede Katze nachjagen! AniOne sorgt f\u00fcr Freude und Abwechslung im Alltag deines Stubentigers. Katzenspielzeug f\u00fcr \u20ac 10,99","og_url":"https:\/\/savcors.com\/index.php\/product\/katzenspielzeug-rascheltuete\/","og_site_name":"SAVCORS Onlineshop","article_modified_time":"2026-04-14T09:42:43+00:00","og_image":[{"width":800,"height":800,"url":"https:\/\/savcors.com\/wp-content\/uploads\/2024\/08\/katzenspielzeug.webp","type":"image\/webp"}],"twitter_card":"summary_large_image","twitter_misc":{"Gesch\u00e4tzte Lesezeit":"2\u00a0Minuten"},"schema":{"@context":"https:\/\/schema.org","@graph":[{"@type":"WebPage","@id":"https:\/\/savcors.com\/index.php\/product\/katzenspielzeug-rascheltuete\/","url":"https:\/\/savcors.com\/index.php\/product\/katzenspielzeug-rascheltuete\/","name":"AniOne Actionball mit Raschelt\u00fcte f\u00fcr Katzen - SAVCORS Onlineshop","isPartOf":{"@id":"https:\/\/savcors.com\/#website"},"primaryImageOfPage":{"@id":"https:\/\/savcors.com\/index.php\/product\/katzenspielzeug-rascheltuete\/#primaryimage"},"image":{"@id":"https:\/\/savcors.com\/index.php\/product\/katzenspielzeug-rascheltuete\/#primaryimage"},"thumbnailUrl":"https:\/\/savcors.com\/wp-content\/uploads\/2024\/08\/katzenspielzeug.webp","datePublished":"2024-08-31T11:01:30+00:00","dateModified":"2026-04-14T09:42:43+00:00","description":"Der Raschel T\u00fcte von AniOne muss jede Katze nachjagen! AniOne sorgt f\u00fcr Freude und Abwechslung im Alltag deines Stubentigers. Katzenspielzeug f\u00fcr \u20ac 10,99","breadcrumb":{"@id":"https:\/\/savcors.com\/index.php\/product\/katzenspielzeug-rascheltuete\/#breadcrumb"},"inLanguage":"de","potentialAction":[{"@type":"ReadAction","target":["https:\/\/savcors.com\/index.php\/product\/katzenspielzeug-rascheltuete\/"]}]},{"@type":"ImageObject","inLanguage":"de","@id":"https:\/\/savcors.com\/index.php\/product\/katzenspielzeug-rascheltuete\/#primaryimage","url":"https:\/\/savcors.com\/wp-content\/uploads\/2024\/08\/katzenspielzeug.webp","contentUrl":"https:\/\/savcors.com\/wp-content\/uploads\/2024\/08\/katzenspielzeug.webp","width":800,"height":800},{"@type":"BreadcrumbList","@id":"https:\/\/savcors.com\/index.php\/product\/katzenspielzeug-rascheltuete\/#breadcrumb","itemListElement":[{"@type":"ListItem","position":1,"name":"Startseite","item":"https:\/\/savcors.com\/"},{"@type":"ListItem","position":2,"name":"Shop","item":"https:\/\/savcors.com\/index.php\/shop-3\/"},{"@type":"ListItem","position":3,"name":"AniOne Actionball mit Raschelt\u00fcte f\u00fcr Katzen"}]},{"@type":"WebSite","@id":"https:\/\/savcors.com\/#website","url":"https:\/\/savcors.com\/","name":"SAVCORS Onlineshop","description":"","publisher":{"@id":"https:\/\/savcors.com\/#organization"},"potentialAction":[{"@type":"SearchAction","target":{"@type":"EntryPoint","urlTemplate":"https:\/\/savcors.com\/?s={search_term_string}"},"query-input":{"@type":"PropertyValueSpecification","valueRequired":true,"valueName":"search_term_string"}}],"inLanguage":"de"},{"@type":"Organization","@id":"https:\/\/savcors.com\/#organization","name":"S.A.V.C.O.R.S. Onlineshop","url":"https:\/\/savcors.com\/","logo":{"@type":"ImageObject","inLanguage":"de","@id":"https:\/\/savcors.com\/#\/schema\/logo\/image\/","url":"https:\/\/savcors.com\/wp-content\/uploads\/2024\/10\/cropped-savcors-logo-1-rund.png.webp","contentUrl":"https:\/\/savcors.com\/wp-content\/uploads\/2024\/10\/cropped-savcors-logo-1-rund.png.webp","width":240,"height":170,"caption":"S.A.V.C.O.R.S. Onlineshop"},"image":{"@id":"https:\/\/savcors.com\/#\/schema\/logo\/image\/"}}]}},"uagb_featured_image_src":{"full":["https:\/\/savcors.com\/wp-content\/uploads\/2024\/08\/katzenspielzeug.webp",800,800,false],"thumbnail":["https:\/\/savcors.com\/wp-content\/uploads\/2024\/08\/katzenspielzeug-150x150.webp",150,150,true],"medium":["https:\/\/savcors.com\/wp-content\/uploads\/2024\/08\/katzenspielzeug-300x300.webp",300,300,true],"medium_large":["https:\/\/savcors.com\/wp-content\/uploads\/2024\/08\/katzenspielzeug-768x768.webp",768,768,true],"large":["https:\/\/savcors.com\/wp-content\/uploads\/2024\/08\/katzenspielzeug.webp",800,800,false],"1536x1536":["https:\/\/savcors.com\/wp-content\/uploads\/2024\/08\/katzenspielzeug.webp",800,800,false],"2048x2048":["https:\/\/savcors.com\/wp-content\/uploads\/2024\/08\/katzenspielzeug.webp",800,800,false],"woocommerce_thumbnail":["https:\/\/savcors.com\/wp-content\/uploads\/2024\/08\/katzenspielzeug-324x324.webp",324,324,true],"woocommerce_single":["https:\/\/savcors.com\/wp-content\/uploads\/2024\/08\/katzenspielzeug-416x416.webp",416,416,true],"woocommerce_gallery_thumbnail":["https:\/\/savcors.com\/wp-content\/uploads\/2024\/08\/katzenspielzeug-100x100.webp",100,100,true],"quick_view_image_size":["https:\/\/savcors.com\/wp-content\/uploads\/2024\/08\/katzenspielzeug.webp",450,450,false]},"uagb_author_info":{"display_name":"SAVCORS Shop","author_link":"https:\/\/savcors.com\/index.php\/author\/"},"uagb_comment_info":0,"uagb_excerpt":"Der Raschel T\u00fcte von AniOne muss jede Katze nachjagen! AniOne sorgt f\u00fcr Freude und Abwechslung im Alltag deines Stubentigers. Der Actionball bewegt sich in der Raschel T\u00fcte, die bei der Bewegung spannende Ger\u00e4usche macht. Der Motor im Inneren l\u00e4sst die h\u00fcbsche Tu\u0308te willk\u00fcrlich rotieren.","_links":{"self":[{"href":"https:\/\/savcors.com\/index.php\/wp-json\/wp\/v2\/product\/6117","targetHints":{"allow":["GET"]}}],"collection":[{"href":"https:\/\/savcors.com\/index.php\/wp-json\/wp\/v2\/product"}],"about":[{"href":"https:\/\/savcors.com\/index.php\/wp-json\/wp\/v2\/types\/product"}],"replies":[{"embeddable":true,"href":"https:\/\/savcors.com\/index.php\/wp-json\/wp\/v2\/comments?post=6117"}],"wp:featuredmedia":[{"embeddable":true,"href":"https:\/\/savcors.com\/index.php\/wp-json\/wp\/v2\/media\/6118"}],"wp:attachment":[{"href":"https:\/\/savcors.com\/index.php\/wp-json\/wp\/v2\/media?parent=6117"}],"wp:term":[{"taxonomy":"product_brand","embeddable":true,"href":"https:\/\/savcors.com\/index.php\/wp-json\/wp\/v2\/product_brand?post=6117"},{"taxonomy":"product_cat","embeddable":true,"href":"https:\/\/savcors.com\/index.php\/wp-json\/wp\/v2\/product_cat?post=6117"},{"taxonomy":"product_tag","embeddable":true,"href":"https:\/\/savcors.com\/index.php\/wp-json\/wp\/v2\/product_tag?post=6117"}],"curies":[{"name":"wp","href":"https:\/\/api.w.org\/{rel}","templated":true}]}}